{"id":345,"date":"2022-03-02T11:37:18","date_gmt":"2022-03-02T09:37:18","guid":{"rendered":"http:\/\/localhost\/sportspsychology\/?page_id=345"},"modified":"2025-02-14T13:15:48","modified_gmt":"2025-02-14T11:15:48","slug":"accueil","status":"publish","type":"page","link":"https:\/\/vasilisxernos.gr\/?page_id=345&lang=fr","title":{"rendered":"Accueil"},"content":{"rendered":"<p style=\"text-align: center;\" align=\"justify\"><span style=\"font-size: 14pt; font-family: georgia, palatino, serif;\"><em>\u201c<\/em><span lang=\"en-US\"><em>Les plus belles v\u00e9rit\u00e9s du monde ne servent \u00e0 rien tant que leur contenu n\u2019est pas devenu pour chacun une v\u00e9ritable exp\u00e9rience int\u00e9rieure.\u201d<\/em>\u00a0 <\/span><\/span><\/p>\n<p style=\"text-align: center;\" align=\"justify\"><span style=\"font-size: 14pt; font-family: georgia, palatino, serif;\"><span lang=\"en-US\">\u2013 Carl Gustav Jung \u2013<\/span><\/span><\/p>\n<p style=\"text-align: center;\" align=\"justify\">\n<p align=\"justify\"><img loading=\"lazy\" decoding=\"async\" class=\"wp-image-548 aligncenter\" src=\"https:\/\/vasilisxernos.gr\/wp-content\/uploads\/2025\/02\/\u039e\u03b5\u03c1\u03bd\u03cc\u03c2_\u0392\u03b1\u03c3\u03af\u03bb\u03b7\u03c2_prv_1-300x198.jpg\" alt=\"\" width=\"774\" height=\"511\" srcset=\"https:\/\/vasilisxernos.gr\/wp-content\/uploads\/2025\/02\/\u039e\u03b5\u03c1\u03bd\u03cc\u03c2_\u0392\u03b1\u03c3\u03af\u03bb\u03b7\u03c2_prv_1-300x198.jpg 300w, https:\/\/vasilisxernos.gr\/wp-content\/uploads\/2025\/02\/\u039e\u03b5\u03c1\u03bd\u03cc\u03c2_\u0392\u03b1\u03c3\u03af\u03bb\u03b7\u03c2_prv_1-1024x676.jpg 1024w, https:\/\/vasilisxernos.gr\/wp-content\/uploads\/2025\/02\/\u039e\u03b5\u03c1\u03bd\u03cc\u03c2_\u0392\u03b1\u03c3\u03af\u03bb\u03b7\u03c2_prv_1-768x507.jpg 768w, https:\/\/vasilisxernos.gr\/wp-content\/uploads\/2025\/02\/\u039e\u03b5\u03c1\u03bd\u03cc\u03c2_\u0392\u03b1\u03c3\u03af\u03bb\u03b7\u03c2_prv_1-1536x1014.jpg 1536w, https:\/\/vasilisxernos.gr\/wp-content\/uploads\/2025\/02\/\u039e\u03b5\u03c1\u03bd\u03cc\u03c2_\u0392\u03b1\u03c3\u03af\u03bb\u03b7\u03c2_prv_1-454x300.jpg 454w, https:\/\/vasilisxernos.gr\/wp-content\/uploads\/2025\/02\/\u039e\u03b5\u03c1\u03bd\u03cc\u03c2_\u0392\u03b1\u03c3\u03af\u03bb\u03b7\u03c2_prv_1.jpg 1636w\" sizes=\"auto, (max-width: 774px) 100vw, 774px\" \/><\/p>\n","protected":false},"excerpt":{"rendered":"<p>\u201cLes plus belles v\u00e9rit\u00e9s du monde ne servent \u00e0 rien tant que leur contenu n\u2019est pas devenu pour chacun une v\u00e9ritable exp\u00e9rience int\u00e9rieure.\u201d\u00a0 \u2013 Carl &hellip;<\/p>\n","protected":false},"author":1,"featured_media":0,"parent":0,"menu_order":0,"comment_status":"closed","ping_status":"closed","template":"","meta":{"footnotes":""},"class_list":["post-345","page","type-page","status-publish","hentry"],"_links":{"self":[{"href":"https:\/\/vasilisxernos.gr\/index.php?rest_route=\/wp\/v2\/pages\/345","targetHints":{"allow":["GET"]}}],"collection":[{"href":"https:\/\/vasilisxernos.gr\/index.php?rest_route=\/wp\/v2\/pages"}],"about":[{"href":"https:\/\/vasilisxernos.gr\/index.php?rest_route=\/wp\/v2\/types\/page"}],"author":[{"embeddable":true,"href":"https:\/\/vasilisxernos.gr\/index.php?rest_route=\/wp\/v2\/users\/1"}],"replies":[{"embeddable":true,"href":"https:\/\/vasilisxernos.gr\/index.php?rest_route=%2Fwp%2Fv2%2Fcomments&post=345"}],"version-history":[{"count":10,"href":"https:\/\/vasilisxernos.gr\/index.php?rest_route=\/wp\/v2\/pages\/345\/revisions"}],"predecessor-version":[{"id":567,"href":"https:\/\/vasilisxernos.gr\/index.php?rest_route=\/wp\/v2\/pages\/345\/revisions\/567"}],"wp:attachment":[{"href":"https:\/\/vasilisxernos.gr\/index.php?rest_route=%2Fwp%2Fv2%2Fmedia&parent=345"}],"curies":[{"name":"wp","href":"https:\/\/api.w.org\/{rel}","templated":true}]}}